{"id":71743,"date":"2024-09-18T16:02:18","date_gmt":"2024-09-18T21:02:18","guid":{"rendered":"https:\/\/timbartell.com\/farm-agriculture\/"},"modified":"2024-10-16T14:19:34","modified_gmt":"2024-10-16T19:19:34","slug":"agricultura-y-trabajo-en-el-campo","status":"publish","type":"page","link":"https:\/\/timbartell.com\/es\/agricultura-y-trabajo-en-el-campo\/","title":{"rendered":"Agricultura y Trabajo en el Campo"},"content":{"rendered":"<p>[et_pb_section fb_built=\u00bb1&#8243; _builder_version=\u00bb4.20.2&#8243; background_enable_color=\u00bboff\u00bb background_image=\u00bbhttps:\/\/timbartell.com\/wp-content\/uploads\/2024\/10\/Fresno-California-Skyline3.jpg\u00bb custom_padding=\u00bb160px|0px|0|0px|false|false\u00bb global_colors_info=\u00bb{}\u00bb][et_pb_row column_structure=\u00bb2_5,3_5&#8243; custom_padding_last_edited=\u00bbon|phone\u00bb padding_top_bottom_link_1=\u00bbtrue\u00bb padding_left_right_link_1=\u00bbtrue\u00bb _builder_version=\u00bb4.20.2&#8243; custom_padding=\u00bb27px|0px|0|0px|false|false\u00bb custom_padding_tablet=\u00bb\u00bb custom_padding_phone=\u00bb0|0|0|0|false|false\u00bb global_colors_info=\u00bb{}\u00bb][et_pb_column type=\u00bb2_5&#8243; _builder_version=\u00bb4.20.2&#8243; background_color=\u00bbgcid-be08aca8-7782-4d41-bbf7-9485020d3f56&#8243; custom_padding=\u00bb51px|51px|51px|51px\u00bb global_colors_info=\u00bb{%22gcid-be08aca8-7782-4d41-bbf7-9485020d3f56%22:%91%22background_color%22%93}\u00bb custom_padding__hover=\u00bb|||\u00bb][et_pb_text _builder_version=\u00bb4.20.2&#8243; text_font=\u00bb||||||||\u00bb text_text_color=\u00bb#5499D4&#8243; text_font_size=\u00bb16px\u00bb header_font=\u00bb|700|||||||\u00bb header_text_color=\u00bb#ffffff\u00bb header_font_size=\u00bb34px\u00bb header_line_height=\u00bb1.5em\u00bb custom_margin=\u00bb||\u00bb hover_enabled=\u00bb0&#8243; header_font_size_tablet=\u00bb\u00bb header_font_size_phone=\u00bb25px\u00bb header_font_size_last_edited=\u00bbon|desktop\u00bb global_colors_info=\u00bb{}\u00bb sticky_enabled=\u00bb0&#8243;]<\/p>\n<h1>Agricultura y Trabajo en el Campo<\/h1>\n<p>[\/et_pb_text][\/et_pb_column][et_pb_column type=\u00bb3_5&#8243; _builder_version=\u00bb4.16&#8243; custom_padding=\u00bb|||\u00bb global_colors_info=\u00bb{}\u00bb custom_padding__hover=\u00bb|||\u00bb][\/et_pb_column][\/et_pb_row][\/et_pb_section][et_pb_section fb_built=\u00bb1&#8243; custom_padding_last_edited=\u00bbon|tablet\u00bb _builder_version=\u00bb4.20.2&#8243; background_size=\u00bbinitial\u00bb background_repeat=\u00bbrepeat\u00bb custom_padding=\u00bb90px||90px||true|false\u00bb custom_padding_tablet=\u00bb40px||40px||true|false\u00bb custom_padding_phone=\u00bb40px||40px||false|false\u00bb global_colors_info=\u00bb{}\u00bb][et_pb_row use_custom_gutter=\u00bbon\u00bb gutter_width=\u00bb2&#8243; make_equal=\u00bbon\u00bb _builder_version=\u00bb4.20.2&#8243; width=\u00bb90%\u00bb width_tablet=\u00bb90%\u00bb width_phone=\u00bb90%\u00bb width_last_edited=\u00bbon|tablet\u00bb max_width_tablet=\u00bb90%\u00bb max_width_phone=\u00bb90%\u00bb max_width_last_edited=\u00bboff|desktop\u00bb custom_padding=\u00bb0px||0px||true|false\u00bb global_colors_info=\u00bb{}\u00bb][et_pb_column type=\u00bb4_4&#8243; _builder_version=\u00bb4.16&#8243; global_colors_info=\u00bb{}\u00bb][et_pb_text _builder_version=\u00bb4.20.2&#8243; header_2_font=\u00bb|300|||||||\u00bb header_2_text_color=\u00bb#000000&#8243; header_2_font_size=\u00bb32px\u00bb header_2_letter_spacing=\u00bb-1px\u00bb header_2_line_height=\u00bb1.3em\u00bb hover_enabled=\u00bb0&#8243; header_2_font_size_tablet=\u00bb\u00bb header_2_font_size_phone=\u00bb25px\u00bb header_2_font_size_last_edited=\u00bbon|desktop\u00bb global_colors_info=\u00bb{}\u00bb sticky_enabled=\u00bb0&#8243;]<\/p>\n<h2>En el sector agr\u00edcola y de la agricultura, la compensaci\u00f3n laboral est\u00e1 dise\u00f1ada para proporcionar beneficios a los empleados que resulten heridos o se enfermen debido a actividades relacionadas con su trabajo. Sin embargo, la cobertura y las leyes espec\u00edficas sobre la compensaci\u00f3n laboral para los trabajadores agr\u00edcolas var\u00edan seg\u00fan el estado y el pa\u00eds.<\/h2>\n<p>[\/et_pb_text][\/et_pb_column][\/et_pb_row][et_pb_row _builder_version=\u00bb4.20.2&#8243; _module_preset=\u00bbdefault\u00bb global_colors_info=\u00bb{}\u00bb][et_pb_column type=\u00bb4_4&#8243; _builder_version=\u00bb4.20.2&#8243; _module_preset=\u00bbdefault\u00bb global_colors_info=\u00bb{}\u00bb][et_pb_text _builder_version=\u00bb4.20.2&#8243; _module_preset=\u00bbdefault\u00bb hover_enabled=\u00bb0&#8243; global_colors_info=\u00bb{}\u00bb sticky_enabled=\u00bb0&#8243;]<\/p>\n<h2>1. Desaf\u00edos espec\u00edficos de la agricultura Trabajadores estacionales y migrantes:<\/h2>\n<p>[\/et_pb_text][et_pb_text _builder_version=\u00bb4.20.2&#8243; _module_preset=\u00bbdefault\u00bb hover_enabled=\u00bb0&#8243; global_colors_info=\u00bb{}\u00bb sticky_enabled=\u00bb0&#8243;]<\/p>\n<ul>\n<li><strong>Muchos trabajadores agr\u00edcolas son estacionales o migrantes<\/strong>, lo que puede complicar la aplicaci\u00f3n de las leyes de compensaci\u00f3n laboral.<\/li>\n<li><strong>Exenciones estatales:<\/strong> Algunos estados en los EE.UU. permiten que los empleadores agr\u00edcolas est\u00e9n exentos de la cobertura de compensaci\u00f3n laboral, especialmente si tienen solo un peque\u00f1o n\u00famero de empleados. Esto significa que no todos los trabajadores agr\u00edcolas est\u00e1n autom\u00e1ticamente cubiertos. California exige que todos los empleadores, incluidos los trabajadores agr\u00edcolas, proporcionen compensaci\u00f3n laboral.<\/li>\n<li><strong>Trabajo peligroso:<\/strong> La agricultura implica una amplia gama de peligros potenciales, incluidos maquinaria pesada, exposici\u00f3n a pesticidas y comportamiento animal impredecible, lo que aumenta la probabilidad de lesiones laborales.<\/li>\n<\/ul>\n<p>[\/et_pb_text][\/et_pb_column][\/et_pb_row][\/et_pb_section][et_pb_section fb_built=\u00bb1&#8243; custom_padding_last_edited=\u00bbon|desktop\u00bb disabled_on=\u00bboff|off|off\u00bb _builder_version=\u00bb4.20.2&#8243; background_color=\u00bbgcid-e1057761-7ff2-4f9a-b6c8-b11f04768d07&#8243; custom_padding=\u00bb80px|0px|80px|0px|true|false\u00bb custom_padding_tablet=\u00bb20px||20px||false|false\u00bb custom_padding_phone=\u00bb10px||20px||false|false\u00bb global_colors_info=\u00bb{%22gcid-e1057761-7ff2-4f9a-b6c8-b11f04768d07%22:%91%22background_color%22%93}\u00bb][et_pb_row column_structure=\u00bb1_2,1_2&#8243; use_custom_gutter=\u00bbon\u00bb gutter_width=\u00bb2&#8243; make_equal=\u00bbon\u00bb _builder_version=\u00bb4.16&#8243; width_tablet=\u00bb90%\u00bb width_phone=\u00bb90%\u00bb width_last_edited=\u00bboff|phone\u00bb max_width_tablet=\u00bb90%\u00bb max_width_phone=\u00bb90%\u00bb max_width_last_edited=\u00bboff|tablet\u00bb custom_padding=\u00bb67px|0px||0px|false|false\u00bb animation_direction=\u00bbbottom\u00bb global_colors_info=\u00bb{}\u00bb][et_pb_column type=\u00bb1_2&#8243; _builder_version=\u00bb4.16&#8243; custom_padding=\u00bb|||\u00bb global_colors_info=\u00bb{}\u00bb custom_padding__hover=\u00bb|||\u00bb][et_pb_text _builder_version=\u00bb4.20.2&#8243; _module_preset=\u00bbdefault\u00bb header_2_text_color=\u00bb#FFFFFF\u00bb hover_enabled=\u00bb0&#8243; global_colors_info=\u00bb{}\u00bb sticky_enabled=\u00bb0&#8243;]<\/p>\n<h2>2. Problemas clave a abordar<\/h2>\n<p>[\/et_pb_text][et_pb_text _builder_version=\u00bb4.20.2&#8243; _module_preset=\u00bbdefault\u00bb text_text_color=\u00bb#FFFFFF\u00bb hover_enabled=\u00bb0&#8243; global_colors_info=\u00bb{}\u00bb sticky_enabled=\u00bb0&#8243;]<\/p>\n<ul>\n<li>\n<p><strong>Acceso a beneficios:<\/strong> En regiones como California, donde la cobertura es obligatoria, los trabajadores agr\u00edcolas a\u00fan pueden enfrentar barreras para acceder a los beneficios, como barreras idiom\u00e1ticas, falta de conocimiento sobre sus derechos y dificultades para navegar por el sistema legal.<\/p>\n<\/li>\n<li>\n<p><strong>Cobertura para trabajadores migrantes:<\/strong> Los trabajadores agr\u00edcolas migrantes a menudo enfrentan desaf\u00edos para obtener cobertura de compensaci\u00f3n laboral debido a su estado de empleo transitorio y falta de documentaci\u00f3n legal.<\/p>\n<\/li>\n<li>\n<p><strong>Seguridad en el lugar de trabajo:<\/strong> Prevenir lesiones mediante mejores medidas de seguridad en el lugar de trabajo es clave en la agricultura. Los empleadores deben garantizar que los trabajadores reciban la capacitaci\u00f3n adecuada, se implementen protocolos de seguridad y se proporcione equipo de protecci\u00f3n.<\/p>\n<\/li>\n<\/ul>\n<p>[\/et_pb_text][et_pb_text _builder_version=\u00bb4.20.2&#8243; text_font=\u00bb|700|||||||\u00bb text_text_color=\u00bb#FFFFFF\u00bb text_font_size=\u00bb20px\u00bb text_line_height=\u00bb1.5em\u00bb header_font=\u00bb||||||||\u00bb custom_margin=\u00bb50px||||false|false\u00bb custom_padding=\u00bb|||\u00bb hover_enabled=\u00bb0&#8243; text_line_height_tablet=\u00bb\u00bb text_line_height_phone=\u00bb1.2em\u00bb text_line_height_last_edited=\u00bbon|phone\u00bb global_colors_info=\u00bb{}\u00bb sticky_enabled=\u00bb0&#8243;]<\/p>\n<p>El abogado Tim Bartell puede ayudarlo a navegar el proceso de recibir compensaci\u00f3n laboral y est\u00e1 aqu\u00ed para ayudarlo a obtener la compensaci\u00f3n que merece. Cont\u00e1ctenos hoy.<\/p>\n<p>[\/et_pb_text][\/et_pb_column][et_pb_column type=\u00bb1_2&#8243; _builder_version=\u00bb4.16&#8243; custom_padding=\u00bb|||\u00bb global_colors_info=\u00bb{}\u00bb custom_padding__hover=\u00bb|||\u00bb][et_pb_image src=\u00bbhttps:\/\/timbartell.com\/wp-content\/uploads\/2024\/10\/Farm-and-Argicultural-Workers.jpg\u00bb title_text=\u00bbFarm-and-Argicultural-Workers\u00bb disabled_on=\u00bbon|on|off\u00bb _builder_version=\u00bb4.20.2&#8243; max_width=\u00bb80%\u00bb module_alignment=\u00bbright\u00bb border_radii=\u00bbon|1000px|1000px|1000px|1000px\u00bb always_center_on_mobile=\u00bboff\u00bb global_colors_info=\u00bb{}\u00bb][\/et_pb_image][\/et_pb_column][\/et_pb_row][\/et_pb_section][et_pb_section fb_built=\u00bb1&#8243; custom_padding_last_edited=\u00bbon|tablet\u00bb _builder_version=\u00bb4.20.2&#8243; _module_preset=\u00bbdefault\u00bb custom_padding=\u00bb100px||50px||false|false\u00bb custom_padding_tablet=\u00bb50px||10px||false|false\u00bb custom_padding_phone=\u00bb50px||20px||false|false\u00bb saved_tabs=\u00bball\u00bb global_colors_info=\u00bb{}\u00bb global_module=\u00bb71735&#8243; theme_builder_area=\u00bbpost_content\u00bb][et_pb_row column_structure=\u00bb1_2,1_4,1_4&#8243; use_custom_gutter=\u00bbon\u00bb gutter_width=\u00bb2&#8243; make_equal=\u00bbon\u00bb _builder_version=\u00bb4.20.2&#8243; width=\u00bb90%\u00bb width_tablet=\u00bb90%\u00bb width_phone=\u00bb90%\u00bb width_last_edited=\u00bbon|phone\u00bb max_width_tablet=\u00bb90%\u00bb max_width_phone=\u00bb90%\u00bb max_width_last_edited=\u00bboff|desktop\u00bb custom_padding=\u00bb0px||0px||true|false\u00bb global_colors_info=\u00bb{}\u00bb theme_builder_area=\u00bbpost_content\u00bb][et_pb_column type=\u00bb1_2&#8243; _builder_version=\u00bb4.16&#8243; global_colors_info=\u00bb{}\u00bb theme_builder_area=\u00bbpost_content\u00bb][et_pb_text _builder_version=\u00bb4.20.2&#8243; text_font=\u00bb||||||||\u00bb text_text_color=\u00bb#c3c3c3&#8243; text_font_size=\u00bb13px\u00bb text_letter_spacing=\u00bb2px\u00bb text_line_height=\u00bb1em\u00bb header_font=\u00bb||||||||\u00bb global_colors_info=\u00bb{}\u00bb theme_builder_area=\u00bbpost_content\u00bb]<\/p>\n<h1>Tipos de Trabajadores<\/h1>\n<p>[\/et_pb_text][et_pb_text _builder_version=\u00bb4.20.2&#8243; text_font=\u00bb||||||||\u00bb text_text_color=\u00bb#9b9b9b\u00bb text_font_size=\u00bb15px\u00bb text_line_height=\u00bb1.8em\u00bb max_width=\u00bb464px\u00bb custom_margin=\u00bb23px||||false|false\u00bb custom_margin_tablet=\u00bb-15px||||false|false\u00bb custom_margin_phone=\u00bb-10px||||false|false\u00bb custom_margin_last_edited=\u00bbon|phone\u00bb global_colors_info=\u00bb{}\u00bb theme_builder_area=\u00bbpost_content\u00bb]<\/p>\n<p>Nos especializamos en reclamaciones de compensaci\u00f3n laboral en diversos sectores. Sin importar tu profesi\u00f3n, si te has lesionado en el trabajo, estamos aqu\u00ed para ayudarte a obtener los beneficios que mereces.<\/p>\n<p>[\/et_pb_text][\/et_pb_column][et_pb_column type=\u00bb1_4&#8243; _builder_version=\u00bb4.16&#8243; global_colors_info=\u00bb{}\u00bb theme_builder_area=\u00bbpost_content\u00bb][et_pb_blurb title=\u00bbConstrucci\u00f3n\u00bb use_icon=\u00bbon\u00bb content_max_width=\u00bb100%\u00bb _builder_version=\u00bb4.20.2&#8243; _dynamic_attributes=\u00bblink_option_url\u00bb header_font=\u00bb||||||||\u00bb header_text_color=\u00bbgcid-e1057761-7ff2-4f9a-b6c8-b11f04768d07&#8243; header_font_size=\u00bb18px\u00bb header_letter_spacing=\u00bb2px\u00bb body_font=\u00bb|600|||||||\u00bb body_text_color=\u00bb#000000&#8243; body_font_size=\u00bb15px\u00bb body_line_height=\u00bb1.1em\u00bb custom_padding=\u00bb||30px||false|false\u00bb animation=\u00bboff\u00bb link_option_url=\u00bb@ET-DC@eyJkeW5hbWljIjp0cnVlLCJjb250ZW50IjoicG9zdF9saW5rX3VybF9wYWdlIiwic2V0dGluZ3MiOnsicG9zdF9pZCI6IjcxMzk2In19@\u00bb global_colors_info=\u00bb{%22gcid-e1057761-7ff2-4f9a-b6c8-b11f04768d07%22:%91%22header_text_color%22%93}\u00bb theme_builder_area=\u00bbpost_content\u00bb]<\/p>\n<p>Apoyo legal para trabajadores de la construcci\u00f3n lesionados en entornos de alto riesgo.<\/p>\n<p>[\/et_pb_blurb][et_pb_blurb title=\u00bbAplicaci\u00f3n de la Ley y Seguridad\u00bb use_icon=\u00bbon\u00bb content_max_width=\u00bb100%\u00bb _builder_version=\u00bb4.20.2&#8243; _dynamic_attributes=\u00bblink_option_url\u00bb header_font=\u00bb||||||||\u00bb header_text_color=\u00bbgcid-e1057761-7ff2-4f9a-b6c8-b11f04768d07&#8243; header_font_size=\u00bb18px\u00bb header_letter_spacing=\u00bb2px\u00bb body_font=\u00bb|600|||||||\u00bb body_text_color=\u00bb#000000&#8243; body_font_size=\u00bb15px\u00bb body_line_height=\u00bb1.1em\u00bb custom_padding=\u00bb||30px||false|false\u00bb animation=\u00bboff\u00bb link_option_url=\u00bb@ET-DC@eyJkeW5hbWljIjp0cnVlLCJjb250ZW50IjoicG9zdF9saW5rX3VybF9wYWdlIiwic2V0dGluZ3MiOnsicG9zdF9pZCI6IjcxMzk3In19@\u00bb global_colors_info=\u00bb{%22gcid-e1057761-7ff2-4f9a-b6c8-b11f04768d07%22:%91%22header_text_color%22%93}\u00bb theme_builder_area=\u00bbpost_content\u00bb]<\/p>\n<p>Asistimos a oficiales y personal de seguridad con reclamaciones de compensaci\u00f3n por lesiones laborales.<\/p>\n<p>[\/et_pb_blurb][et_pb_blurb title=\u00bbOficiales Correccionales\u00bb use_icon=\u00bbon\u00bb content_max_width=\u00bb100%\u00bb _builder_version=\u00bb4.20.2&#8243; _dynamic_attributes=\u00bblink_option_url\u00bb header_font=\u00bb||||||||\u00bb header_text_color=\u00bbgcid-e1057761-7ff2-4f9a-b6c8-b11f04768d07&#8243; header_font_size=\u00bb18px\u00bb header_letter_spacing=\u00bb2px\u00bb body_font=\u00bb|600|||||||\u00bb body_text_color=\u00bb#000000&#8243; body_font_size=\u00bb15px\u00bb body_line_height=\u00bb1.1em\u00bb custom_padding=\u00bb||30px||false|false\u00bb animation=\u00bboff\u00bb link_option_url=\u00bb@ET-DC@eyJkeW5hbWljIjp0cnVlLCJjb250ZW50IjoicG9zdF9saW5rX3VybF9wYWdlIiwic2V0dGluZ3MiOnsicG9zdF9pZCI6IjcxMzk4In19@\u00bb global_colors_info=\u00bb{%22gcid-e1057761-7ff2-4f9a-b6c8-b11f04768d07%22:%91%22header_text_color%22%93}\u00bb theme_builder_area=\u00bbpost_content\u00bb]<\/p>\n<p>Ayudamos a los oficiales correccionales a buscar compensaci\u00f3n por lesiones sufridas en el cumplimiento de su deber.<\/p>\n<p>[\/et_pb_blurb][et_pb_blurb title=\u00bbAgricultura\u00bb use_icon=\u00bbon\u00bb content_max_width=\u00bb100%\u00bb _builder_version=\u00bb4.20.2&#8243; _dynamic_attributes=\u00bblink_option_url\u00bb header_font=\u00bb||||||||\u00bb header_text_color=\u00bbgcid-e1057761-7ff2-4f9a-b6c8-b11f04768d07&#8243; header_font_size=\u00bb18px\u00bb header_letter_spacing=\u00bb2px\u00bb body_font=\u00bb|600|||||||\u00bb body_text_color=\u00bb#000000&#8243; body_font_size=\u00bb15px\u00bb body_line_height=\u00bb1.1em\u00bb custom_padding=\u00bb||30px||false|false\u00bb animation=\u00bboff\u00bb link_option_url=\u00bb@ET-DC@eyJkeW5hbWljIjp0cnVlLCJjb250ZW50IjoicG9zdF9saW5rX3VybF9wYWdlIiwic2V0dGluZ3MiOnsicG9zdF9pZCI6IjcxMzk5In19@\u00bb global_colors_info=\u00bb{%22gcid-e1057761-7ff2-4f9a-b6c8-b11f04768d07%22:%91%22header_text_color%22%93}\u00bb theme_builder_area=\u00bbpost_content\u00bb]<\/p>\n<p>Guiamos a los trabajadores agr\u00edcolas en el proceso de presentar reclamaciones por lesiones laborales.<\/p>\n<p>[\/et_pb_blurb][\/et_pb_column][et_pb_column type=\u00bb1_4&#8243; _builder_version=\u00bb4.16&#8243; global_colors_info=\u00bb{}\u00bb theme_builder_area=\u00bbpost_content\u00bb][et_pb_blurb title=\u00bbEnfermer\u00eda y Cuidado\u00bb url=\u00bb@ET-DC@eyJkeW5hbWljIjp0cnVlLCJjb250ZW50IjoicG9zdF9saW5rX3VybF9wYWdlIiwic2V0dGluZ3MiOnsicG9zdF9pZCI6IjcxNDAwIn19@\u00bb use_icon=\u00bbon\u00bb content_max_width=\u00bb100%\u00bb _builder_version=\u00bb4.20.2&#8243; _dynamic_attributes=\u00bburl\u00bb header_font=\u00bb||||||||\u00bb header_text_color=\u00bbgcid-e1057761-7ff2-4f9a-b6c8-b11f04768d07&#8243; header_font_size=\u00bb18px\u00bb header_letter_spacing=\u00bb2px\u00bb body_font=\u00bb|600|||||||\u00bb body_text_color=\u00bb#000000&#8243; body_font_size=\u00bb15px\u00bb body_line_height=\u00bb1.1em\u00bb custom_padding=\u00bb||30px||false|false\u00bb animation=\u00bboff\u00bb global_colors_info=\u00bb{%22gcid-e1057761-7ff2-4f9a-b6c8-b11f04768d07%22:%91%22header_text_color%22%93}\u00bb theme_builder_area=\u00bbpost_content\u00bb]<\/p>\n<p>Ofrecemos apoyo a enfermeros y cuidadores lesionados mientras brindan atenci\u00f3n esencial.<\/p>\n<p>[\/et_pb_blurb][et_pb_blurb title=\u00bbConductores de Camiones\u00bb use_icon=\u00bbon\u00bb content_max_width=\u00bb100%\u00bb _builder_version=\u00bb4.20.2&#8243; _dynamic_attributes=\u00bblink_option_url\u00bb header_font=\u00bb||||||||\u00bb header_text_color=\u00bbgcid-e1057761-7ff2-4f9a-b6c8-b11f04768d07&#8243; header_font_size=\u00bb18px\u00bb header_letter_spacing=\u00bb2px\u00bb body_font=\u00bb|600|||||||\u00bb body_text_color=\u00bb#000000&#8243; body_font_size=\u00bb15px\u00bb body_line_height=\u00bb1.1em\u00bb custom_padding=\u00bb||30px||false|false\u00bb animation=\u00bboff\u00bb link_option_url=\u00bb@ET-DC@eyJkeW5hbWljIjp0cnVlLCJjb250ZW50IjoicG9zdF9saW5rX3VybF9wYWdlIiwic2V0dGluZ3MiOnsicG9zdF9pZCI6IjcxNDAxIn19@\u00bb global_colors_info=\u00bb{%22gcid-e1057761-7ff2-4f9a-b6c8-b11f04768d07%22:%91%22header_text_color%22%93}\u00bb theme_builder_area=\u00bbpost_content\u00bb]<\/p>\n<p>Ayudamos a los conductores de camiones a obtener compensaci\u00f3n por lesiones sufridas en la carretera.<\/p>\n<p>[\/et_pb_blurb][et_pb_blurb title=\u00bbF\u00e1bricas y Trabajo Manual\u00bb use_icon=\u00bbon\u00bb content_max_width=\u00bb100%\u00bb _builder_version=\u00bb4.20.2&#8243; _dynamic_attributes=\u00bblink_option_url\u00bb header_font=\u00bb||||||||\u00bb header_text_color=\u00bbgcid-e1057761-7ff2-4f9a-b6c8-b11f04768d07&#8243; header_font_size=\u00bb18px\u00bb header_letter_spacing=\u00bb2px\u00bb body_font=\u00bb|600|||||||\u00bb body_text_color=\u00bb#000000&#8243; body_font_size=\u00bb15px\u00bb body_line_height=\u00bb1.1em\u00bb custom_padding=\u00bb||30px||false|false\u00bb animation=\u00bboff\u00bb link_option_url=\u00bb@ET-DC@eyJkeW5hbWljIjp0cnVlLCJjb250ZW50IjoicG9zdF9saW5rX3VybF9wYWdlIiwic2V0dGluZ3MiOnsicG9zdF9pZCI6IjcxNDAyIn19@\u00bb global_colors_info=\u00bb{%22gcid-e1057761-7ff2-4f9a-b6c8-b11f04768d07%22:%91%22header_text_color%22%93}\u00bb theme_builder_area=\u00bbpost_content\u00bb]<\/p>\n<p>Defendemos a los trabajadores de f\u00e1bricas y laborales lesionados en entornos industriales.<\/p>\n<p>[\/et_pb_blurb][et_pb_blurb title=\u00bbTrabajadores Municipales\u00bb use_icon=\u00bbon\u00bb content_max_width=\u00bb100%\u00bb _builder_version=\u00bb4.20.2&#8243; _dynamic_attributes=\u00bblink_option_url\u00bb header_font=\u00bb||||||||\u00bb header_text_color=\u00bbgcid-e1057761-7ff2-4f9a-b6c8-b11f04768d07&#8243; header_font_size=\u00bb18px\u00bb header_letter_spacing=\u00bb2px\u00bb body_font=\u00bb|600|||||||\u00bb body_text_color=\u00bb#000000&#8243; body_font_size=\u00bb15px\u00bb body_line_height=\u00bb1.1em\u00bb custom_padding=\u00bb||30px||false|false\u00bb animation=\u00bboff\u00bb link_option_url=\u00bb@ET-DC@eyJkeW5hbWljIjp0cnVlLCJjb250ZW50IjoicG9zdF9saW5rX3VybF9wYWdlIiwic2V0dGluZ3MiOnsicG9zdF9pZCI6IjcxNDAzIn19@\u00bb global_colors_info=\u00bb{%22gcid-e1057761-7ff2-4f9a-b6c8-b11f04768d07%22:%91%22header_text_color%22%93}\u00bb theme_builder_area=\u00bbpost_content\u00bb]<\/p>\n<p>Asistimos a los empleados municipales a navegar el proceso de compensaci\u00f3n por lesiones laborales.<\/p>\n<p>[\/et_pb_blurb][\/et_pb_column][\/et_pb_row][\/et_pb_section]<\/p>\n","protected":false},"excerpt":{"rendered":"<p>Agricultura y Trabajo en el CampoEn el sector agr\u00edcola y de la agricultura, la compensaci\u00f3n laboral est\u00e1 dise\u00f1ada para proporcionar beneficios a los empleados que resulten heridos o se enfermen debido a actividades relacionadas con su trabajo. Sin embargo, la cobertura y las leyes espec\u00edficas sobre la compensaci\u00f3n laboral para los trabajadores agr\u00edcolas var\u00edan seg\u00fan [&hellip;]<\/p>\n","protected":false},"author":3,"featured_media":0,"parent":0,"menu_order":0,"comment_status":"closed","ping_status":"closed","template":"","meta":{"_et_pb_use_builder":"on","_et_pb_old_content":"","_et_gb_content_width":"","footnotes":""},"class_list":["post-71743","page","type-page","status-publish","hentry"],"yoast_head":"<!-- This site is optimized with the Yoast SEO plugin v24.1 - https:\/\/yoast.com\/wordpress\/plugins\/seo\/ -->\n<title>Agricultura y Trabajo en el Campo - Timothy D. Bartell, PC<\/title>\n<meta name=\"robots\" content=\"index, follow, max-snippet:-1, max-image-preview:large, max-video-preview:-1\" \/>\n<link rel=\"canonical\" href=\"https:\/\/timbartell.com\/es\/agricultura-y-trabajo-en-el-campo\/\" \/>\n<meta property=\"og:locale\" content=\"es_ES\" \/>\n<meta property=\"og:type\" content=\"article\" \/>\n<meta property=\"og:title\" content=\"Agricultura y Trabajo en el Campo - Timothy D. Bartell, PC\" \/>\n<meta property=\"og:description\" content=\"Agricultura y Trabajo en el CampoEn el sector agr\u00edcola y de la agricultura, la compensaci\u00f3n laboral est\u00e1 dise\u00f1ada para proporcionar beneficios a los empleados que resulten heridos o se enfermen debido a actividades relacionadas con su trabajo. Sin embargo, la cobertura y las leyes espec\u00edficas sobre la compensaci\u00f3n laboral para los trabajadores agr\u00edcolas var\u00edan seg\u00fan [&hellip;]\" \/>\n<meta property=\"og:url\" content=\"https:\/\/timbartell.com\/es\/agricultura-y-trabajo-en-el-campo\/\" \/>\n<meta property=\"og:site_name\" content=\"Timothy D. Bartell, PC\" \/>\n<meta property=\"article:modified_time\" content=\"2024-10-16T19:19:34+00:00\" \/>\n<meta name=\"twitter:card\" content=\"summary_large_image\" \/>\n<meta name=\"twitter:label1\" content=\"Est. reading time\" \/>\n\t<meta name=\"twitter:data1\" content=\"2 minutos\" \/>\n<!-- \/ Yoast SEO plugin. -->","yoast_head_json":{"title":"Agricultura y Trabajo en el Campo - Timothy D. Bartell, PC","robots":{"index":"index","follow":"follow","max-snippet":"max-snippet:-1","max-image-preview":"max-image-preview:large","max-video-preview":"max-video-preview:-1"},"canonical":"https:\/\/timbartell.com\/es\/agricultura-y-trabajo-en-el-campo\/","og_locale":"es_ES","og_type":"article","og_title":"Agricultura y Trabajo en el Campo - Timothy D. Bartell, PC","og_description":"Agricultura y Trabajo en el CampoEn el sector agr\u00edcola y de la agricultura, la compensaci\u00f3n laboral est\u00e1 dise\u00f1ada para proporcionar beneficios a los empleados que resulten heridos o se enfermen debido a actividades relacionadas con su trabajo. Sin embargo, la cobertura y las leyes espec\u00edficas sobre la compensaci\u00f3n laboral para los trabajadores agr\u00edcolas var\u00edan seg\u00fan [&hellip;]","og_url":"https:\/\/timbartell.com\/es\/agricultura-y-trabajo-en-el-campo\/","og_site_name":"Timothy D. Bartell, PC","article_modified_time":"2024-10-16T19:19:34+00:00","twitter_card":"summary_large_image","twitter_misc":{"Est. reading time":"2 minutos"},"schema":{"@context":"https:\/\/schema.org","@graph":[{"@type":"WebPage","@id":"https:\/\/timbartell.com\/es\/agricultura-y-trabajo-en-el-campo\/","url":"https:\/\/timbartell.com\/es\/agricultura-y-trabajo-en-el-campo\/","name":"Agricultura y Trabajo en el Campo - Timothy D. Bartell, PC","isPartOf":{"@id":"https:\/\/timbartell.com\/es\/#website"},"datePublished":"2024-09-18T21:02:18+00:00","dateModified":"2024-10-16T19:19:34+00:00","breadcrumb":{"@id":"https:\/\/timbartell.com\/es\/agricultura-y-trabajo-en-el-campo\/#breadcrumb"},"inLanguage":"es","potentialAction":[{"@type":"ReadAction","target":["https:\/\/timbartell.com\/es\/agricultura-y-trabajo-en-el-campo\/"]}]},{"@type":"BreadcrumbList","@id":"https:\/\/timbartell.com\/es\/agricultura-y-trabajo-en-el-campo\/#breadcrumb","itemListElement":[{"@type":"ListItem","position":1,"name":"Home","item":"https:\/\/timbartell.com\/es\/"},{"@type":"ListItem","position":2,"name":"Agricultura y Trabajo en el Campo"}]},{"@type":"WebSite","@id":"https:\/\/timbartell.com\/es\/#website","url":"https:\/\/timbartell.com\/es\/","name":"Timothy D. Bartell, PC","description":"","potentialAction":[{"@type":"SearchAction","target":{"@type":"EntryPoint","urlTemplate":"https:\/\/timbartell.com\/es\/?s={search_term_string}"},"query-input":{"@type":"PropertyValueSpecification","valueRequired":true,"valueName":"search_term_string"}}],"inLanguage":"es"}]}},"featured_image_src":null,"featured_image_src_square":null,"_links":{"self":[{"href":"https:\/\/timbartell.com\/es\/wp-json\/wp\/v2\/pages\/71743","targetHints":{"allow":["GET"]}}],"collection":[{"href":"https:\/\/timbartell.com\/es\/wp-json\/wp\/v2\/pages"}],"about":[{"href":"https:\/\/timbartell.com\/es\/wp-json\/wp\/v2\/types\/page"}],"author":[{"embeddable":true,"href":"https:\/\/timbartell.com\/es\/wp-json\/wp\/v2\/users\/3"}],"replies":[{"embeddable":true,"href":"https:\/\/timbartell.com\/es\/wp-json\/wp\/v2\/comments?post=71743"}],"version-history":[{"count":0,"href":"https:\/\/timbartell.com\/es\/wp-json\/wp\/v2\/pages\/71743\/revisions"}],"wp:attachment":[{"href":"https:\/\/timbartell.com\/es\/wp-json\/wp\/v2\/media?parent=71743"}],"curies":[{"name":"wp","href":"https:\/\/api.w.org\/{rel}","templated":true}]}}